{"id":950,"date":"2023-12-29T15:52:28","date_gmt":"2023-12-29T15:52:28","guid":{"rendered":"https:\/\/ptg-marketing.com\/?page_id=950"},"modified":"2026-03-10T08:23:55","modified_gmt":"2026-03-10T08:23:55","slug":"terms-of-service","status":"publish","type":"page","link":"https:\/\/ptg-marketing.com\/ch-de\/terms-of-service\/","title":{"rendered":"Online AGBs"},"content":{"rendered":"<div style=\"height:50px\" aria-hidden=\"true\" class=\"wp-block-spacer\"><\/div>\n\n\n\n<hr class=\"wp-block-separator has-alpha-channel-opacity\"\/>\n\n\n\n<h2 class=\"wp-block-heading\">Online AGBs<\/h2>\n\n\n\n<p><em>Zuletzt aktualisiert: 10.03.202<\/em>6<em> (DD.MM.YYYY)<\/em><\/p>\n\n\n\n<p>Bitte lesen Sie diese Nutzungsbedingungen (\u201eBedingungen\u201c, \u201eNutzungsbedingungen\u201c) sorgf\u00e4ltig durch, bevor Sie die Website von PTG Marketing (\u201euns\u201c, \u201ewir\u201c oder \u201eunser\u201c) unter www.ptg-marketing.com nutzen.<\/p>\n\n\n\n<h3 class=\"wp-block-heading\">1. Akzeptieren der Bedingungen<\/h3>\n\n\n\n<p>Bitte lesen Sie die Nutzungsbedingungen sorgf\u00e4ltig durch, bevor Sie die Website von PTG Marketing nutzen. Indem Sie auf die Website zugreifen oder sie nutzen, ein Konto erstellen oder auf die entsprechende Aufforderung klicken, um die Nutzungsbedingungen zu akzeptieren oder ihnen zuzustimmen, erkennen Sie in Ihrem eigenen Namen oder im Namen Ihres Arbeitgebers (falls zutreffend) an und erkl\u00e4ren sich damit einverstanden, rechtlich an diese Nutzungsbedingungen gebunden zu sein inklusive aller damit verbundenen Zahlungsbedingungen (siehe unsere Zahlungsbedingungen in unseren Offerten und Rechnungen). Dar\u00fcber hinaus best\u00e4tigen Sie, dass Sie unsere Datenschutzerkl\u00e4rung gelesen und verstanden haben (siehe unsere <a href=\"https:\/\/ptg-marketing.com\/ch-de\/privacy-policy\/\" data-type=\"page\" data-id=\"3\">Datenschutzrichtlinien<\/a>).<\/p>\n\n\n\n<p>Wenn Sie diesen Nutzungsbedingungen oder der Datenschutzrichtlinien nicht zustimmen m\u00f6chten, sehen Sie bitte davon ab, auf die Website zuzugreifen oder sie zu nutzen. Ausf\u00fchrlichere Richtlinien zu den Aktivit\u00e4ten und der Nutzung der Website finden Sie in den folgenden Abs\u00e4tzen und Artikeln.<\/p>\n\n\n\n<h3 class=\"wp-block-heading\">2. Dienstleistungen<\/h3>\n\n\n\n<p>PTG Marketing ist auf die Optimierung von Websites f\u00fcr mehr Traffic und verbesserte Conversions spezialisiert. Unsere Dienstleistungen k\u00f6nnen unter anderem Suchmaschinenoptimierung (SEO), Content-Erstellung, Website-Design, Kampagnenoptimierung und Website-Analyse umfassen.<\/p>\n\n\n\n<p>Dar\u00fcber hinaus offerieren wir massgeschneiderte, psychologisch fundierte Marketingstrategie-Dienstleistungen, einschliesslich des \u201eMarketing Strategy Plan Pro\u201c. Diese spezifische Dienstleistung nutzt unsere propriet\u00e4re KI, \u201eThe Synthesis Engine\u201c, in Symbiose mit menschlicher Experten-Raffinesse, um einen massgeschneiderten Marketing-Bauplan zu liefern.<\/p>\n\n\n\n<h3 class=\"wp-block-heading\">3. Verantwortlichkeiten des Kunden<\/h3>\n\n\n\n<p>Wenn unsere Kunden unsere Dienstleistungen in Anspruch nehmen, sollten sie uns genaue und aktuelle Informationen zu ihrer Website, Branche und Zielgruppe zur Verf\u00fcgung stellen. Von Kunden wird erwartet, dass sie uns gem\u00e4ss unserem Vertrag Zugriff auf ihre Website und alle relevanten Analyse- oder Werbekonten gew\u00e4hren, die f\u00fcr unsere Dienstleistungen erforderlich sind. Kunden sind ausserdem daf\u00fcr verantwortlich, rechtzeitig Feedback und Genehmigungen bereitzustellen sowie die erforderlichen Ressourcen bereitzustellen, um den Optimierungsprozess zu erleichtern.<\/p>\n\n\n\n<p>F\u00fcr Klienten, die den \u201eMarketing Strategy Plan Pro\u201c erwerben, ist es erforderlich, einen tiefgreifenden, mehrteiligen Fragebogen auszuf\u00fcllen. Die Qualit\u00e4t des finalen Bauplans spiegelt direkt die Zeit (typischerweise 2-3 Stunden) und die intellektuelle Energie wider, die Sie in diese initiale Phase investieren. Die garantierte Lieferfrist von zwei Werktagen beginnt erst nach der erfolgreichen Einreichung dieses vollst\u00e4ndig ausgef\u00fcllten Fragebogens.<\/p>\n\n\n\n<h3 class=\"wp-block-heading\">4. Dienstleistungen Dritter<\/h3>\n\n\n\n<p>PTG Marketing kann Dienste, Tools oder Software Dritter nutzen, um unseren Optimierungsprozess zu verbessern. Diese Drittanbieter haben ihre eigenen Gesch\u00e4ftsbedingungen und es liegt in der Verantwortung unseres Kunden, diese Bedingungen zu pr\u00fcfen und ihnen bei Bedarf zuzustimmen. PTG Marketing haftet nicht f\u00fcr Probleme, Sch\u00e4den oder Verluste, die durch die Nutzung von Dienstleistungen Dritter entstehen.<\/p>\n\n\n\n<h3 class=\"wp-block-heading\">5. Geistiges Eigentum<\/h3>\n\n\n\n<p>Alle von PTG Marketing bereitgestellten Inhalte und Materialien, einschliesslich, aber nicht beschr\u00e4nkt auf Texte, Grafiken, Logos, Bilder, Videos und Software, sind unser Eigentum oder werden von uns lizenziert und sind durch Gesetze zum Schutz des geistigen Eigentums gesch\u00fctzt. Kunden erhalten eine beschr\u00e4nkte, widerrufliche, nicht ausschliessliche und nicht \u00fcbertragbare Lizenz zur Nutzung der bereitgestellten Materialien ausschliesslich f\u00fcr die Zwecke unserer vereinbarten Dienstleistungen. Kunden ist es ohne vorherige schriftliche Zustimmung untersagt, unsere urheberrechtlich gesch\u00fctzten Inhalte zu ver\u00e4ndern, zu reproduzieren, zu verbreiten, anzuzeigen oder daraus abgeleitete Werke zu erstellen.<\/p>\n\n\n\n<p>Dar\u00fcber hinaus bleiben alle propriet\u00e4ren psychologischen Frameworks, Methodologien und Softwarel\u00f6sungen (einschliesslich \u201eThe Synthesis Engine\u201c), die von PTG Marketing genutzt werden, unser exklusives geistiges Eigentum. Der finale, massgeschneiderte Bauplan, der Ihnen geliefert wird, dient ausschliesslich Ihrer internen gesch\u00e4ftlichen Nutzung, strategischen Orientierung und Exekution.<\/p>\n\n\n\n<h3 class=\"wp-block-heading\">6. Vertraulichkeit<\/h3>\n\n\n\n<p>PTG Marketing erkennt an, dass wir im Rahmen unserer Dienstleistungen m\u00f6glicherweise mit vertraulichen Kundeninformationen in Kontakt kommen. Ohne die Zustimmung des Kunden geben wir keine vertraulichen Informationen an Dritte weiter, es sei denn, dies ist gesetzlich vorgeschrieben.<\/p>\n\n\n\n<h3 class=\"wp-block-heading\">7. Symbiotisches Empfehlungsprogramm (Symbiotic Referral Program)<\/h3>\n\n\n\n<ol start=\"7\" class=\"wp-block-list\"><\/ol>\n\n\n\n<p id=\"p-rc_41e373034ee11775-136\">Klienten, die an unserem \u201eSymbiotic Referral Program\u201c partizipieren, erkl\u00e4ren sich bereit, PTG Marketing ethisch und wahrheitsgetreu zu bewerben<sup><\/sup>. Affiliates haben die Wahl zwischen einer Barprovision oder einem \u201eTactic Refresh Credit\u201c<sup><\/sup>. Credits m\u00fcssen gem\u00e4ss den im Affiliate-Portal bereitgestellten Instruktionen eingel\u00f6st werden und k\u00f6nnen nicht auf andere Unternehmen \u00fcbertragen werden. PTG Marketing beh\u00e4lt sich das absolute Recht vor, jede Affiliate-Beziehung zu beenden, falls wir feststellen, dass unsere Marke inkorrekt oder irref\u00fchrend repr\u00e4sentiert wird.<\/p>\n\n\n\n<h3 class=\"wp-block-heading\">8. Zahlung und R\u00fcckerstattung<\/h3>\n\n\n\n<p>Die Preise f\u00fcr unsere Dienstleistungen sind auf unserer Website aufgef\u00fchrt und k\u00f6nnen ohne vorherige Ank\u00fcndigung ge\u00e4ndert werden. Die Zahlungsbedingungen und -methoden werden mit jedem Kunden vor Beginn der Dienstleistungen vereinbart. Rechnungen sind wie angegeben zu bezahlen und PTG Marketing beh\u00e4lt sich das Recht vor, Dienstleistungen bei Nichtzahlung auszusetzen oder zu beenden. Sofern nicht anders vereinbart, sind alle Zahlungen nicht erstattungsf\u00e4hig.<\/p>\n\n\n\n<h3 class=\"wp-block-heading\">9. Haftungsausschluss<\/h3>\n\n\n\n<p>PTG Marketing haftet nicht f\u00fcr direkte, indirekte, zuf\u00e4llige, Folge- oder Sondersch\u00e4den, die sich aus der Nutzung oder Unm\u00f6glichkeit der Nutzung unserer Dienste ergeben, einschliesslich, aber nicht beschr\u00e4nkt auf entgangenen Gewinn, Betriebsunterbrechung oder andere finanzielle Verluste. Kunden erkl\u00e4ren sich damit einverstanden, PTG Marketing, seine leitenden Angestellten, Direktoren, Mitarbeiter und verbundenen Unternehmen von allen Anspr\u00fcchen, Klagen, Sch\u00e4den, Verbindlichkeiten oder Kosten freizustellen, die sich aus der Nutzung unserer Dienste ergeben.<\/p>\n\n\n\n<h3 class=\"wp-block-heading\">10. Beendingung<\/h3>\n\n\n\n<p>Jede Partei kann die Dienste jederzeit und aus beliebigem Grund durch schriftliche Mitteilung an die andere Partei k\u00fcndigen. Nach der K\u00fcndigung sind die Kunden verpflichtet, ausstehende Geb\u00fchren unverz\u00fcglich zu zahlen. Alle Bestimmungen dieser Bedingungen, die ihrer Natur nach \u00fcber die K\u00fcndigung hinaus bestehen sollten, bleiben weiterhin in Kraft.<\/p>\n\n\n\n<h3 class=\"wp-block-heading\">11. \u00c4nderungen der Bedingungen<\/h3>\n\n\n\n<p>PTG Marketing beh\u00e4lt sich das Recht vor, diese Nutzungsbedingungen jederzeit und ohne Vorank\u00fcndigung zu \u00e4ndern oder zu ersetzen. Es liegt in der Verantwortung des Kunden, die aktuellste Version der Bedingungen regelm\u00e4ssig zu \u00fcberpr\u00fcfen. Durch die fortgesetzte Nutzung unserer Website und Dienste akzeptieren Sie etwaige \u00c4nderungen.<\/p>\n\n\n\n<h3 class=\"wp-block-heading\">12. Anwendbares Recht<\/h3>\n\n\n\n<p>Diese Nutzungsbedingungen unterliegen den Gesetzen der Schweiz und werden in \u00dcbereinstimmung mit diesen ausgelegt, ohne R\u00fccksicht auf die Kollisionsnormen.<\/p>\n\n\n\n<h3 class=\"wp-block-heading\">13. Kontakt<\/h3>\n\n\n\n<p>Wenn Sie Fragen oder Bedenken zu diesen Nutzungsbedingungen haben, kontaktieren Sie uns bitte unter <a href=\"mailto:contact@ptg-marketing.com\">contact@ptg-marketing.com<\/a>.<\/p>\n\n\n\n<p>Durch die Nutzung der Website von PTG Marketing und die Nutzung unserer Dienste best\u00e4tigen Sie, dass Sie diese Nutzungsbedingungen gelesen und verstanden haben und ihnen zustimmen.<\/p>\n\n\n\n<hr class=\"wp-block-separator has-alpha-channel-opacity\"\/>\n\n\n\n<div style=\"height:50px\" aria-hidden=\"true\" class=\"wp-block-spacer\"><\/div>","protected":false},"excerpt":{"rendered":"<p>Terms of Service Last updated: 10.03.2026 (DD.MM.YYYY) Please read these Terms of Service (&#8220;Terms&#8221;, &#8220;Terms of Service&#8221;) carefully before using the website of PTG Marketing (&#8220;us&#8221;, &#8220;we&#8221;, or &#8220;our&#8221;) at www.ptg-marketing.com. 1. Acceptance of Terms Please carefully review the Terms of Service before utilizing PTG Marketing&#8217;s website. By accessing or using the website, creating an [&hellip;]<\/p>\n","protected":false},"author":1,"featured_media":0,"parent":0,"menu_order":0,"comment_status":"closed","ping_status":"closed","template":"","meta":{"_uag_custom_page_level_css":"","site-sidebar-layout":"default","site-content-layout":"","ast-site-content-layout":"default","site-content-style":"default","site-sidebar-style":"default","ast-global-header-display":"","ast-banner-title-visibility":"","ast-main-header-display":"","ast-hfb-above-header-display":"","ast-hfb-below-header-display":"","ast-hfb-mobile-header-display":"","site-post-title":"","ast-breadcrumbs-content":"","ast-featured-img":"disabled","footer-sml-layout":"","ast-disable-related-posts":"","theme-transparent-header-meta":"","adv-header-id-meta":"","stick-header-meta":"","header-above-stick-meta":"","header-main-stick-meta":"","header-below-stick-meta":"","astra-migrate-meta-layouts":"default","ast-page-background-enabled":"default","ast-page-background-meta":{"desktop":{"background-color":"var(--ast-global-color-4)","background-image":"","background-repeat":"repeat","background-position":"center center","background-size":"auto","background-attachment":"scroll","background-type":"","background-media":"","overlay-type":"","overlay-color":"","overlay-opacity":"","overlay-gradient":""},"tablet":{"background-color":"","background-image":"","background-repeat":"repeat","background-position":"center center","background-size":"auto","background-attachment":"scroll","background-type":"","background-media":"","overlay-type":"","overlay-color":"","overlay-opacity":"","overlay-gradient":""},"mobile":{"background-color":"","background-image":"","background-repeat":"repeat","background-position":"center center","background-size":"auto","background-attachment":"scroll","background-type":"","background-media":"","overlay-type":"","overlay-color":"","overlay-opacity":"","overlay-gradient":""}},"ast-content-background-meta":{"desktop":{"background-color":"var(--ast-global-color-5)","background-image":"","background-repeat":"repeat","background-position":"center center","background-size":"auto","background-attachment":"scroll","background-type":"","background-media":"","overlay-type":"","overlay-color":"","overlay-opacity":"","overlay-gradient":""},"tablet":{"background-color":"var(--ast-global-color-5)","background-image":"","background-repeat":"repeat","background-position":"center center","background-size":"auto","background-attachment":"scroll","background-type":"","background-media":"","overlay-type":"","overlay-color":"","overlay-opacity":"","overlay-gradient":""},"mobile":{"background-color":"var(--ast-global-color-5)","background-image":"","background-repeat":"repeat","background-position":"center center","background-size":"auto","background-attachment":"scroll","background-type":"","background-media":"","overlay-type":"","overlay-color":"","overlay-opacity":"","overlay-gradient":""}},"footnotes":""},"class_list":["post-950","page","type-page","status-publish","hentry"],"uagb_featured_image_src":{"full":false,"thumbnail":false,"medium":false,"medium_large":false,"large":false,"1536x1536":false,"2048x2048":false,"trp-custom-language-flag":false},"uagb_author_info":{"display_name":"ptg-marketing.com","author_link":"https:\/\/ptg-marketing.com\/ch-de\/author\/ptg-marketing-com\/"},"uagb_comment_info":0,"uagb_excerpt":"Terms of Service Last updated: 10.03.2026 (DD.MM.YYYY) Please read these Terms of Service (&#8220;Terms&#8221;, &#8220;Terms of Service&#8221;) carefully before using the website of PTG Marketing (&#8220;us&#8221;, &#8220;we&#8221;, or &#8220;our&#8221;) at www.ptg-marketing.com. 1. Acceptance of Terms Please carefully review the Terms of Service before utilizing PTG Marketing&#8217;s website. By accessing or using the website, creating an&hellip;","_links":{"self":[{"href":"https:\/\/ptg-marketing.com\/ch-de\/wp-json\/wp\/v2\/pages\/950","targetHints":{"allow":["GET"]}}],"collection":[{"href":"https:\/\/ptg-marketing.com\/ch-de\/wp-json\/wp\/v2\/pages"}],"about":[{"href":"https:\/\/ptg-marketing.com\/ch-de\/wp-json\/wp\/v2\/types\/page"}],"author":[{"embeddable":true,"href":"https:\/\/ptg-marketing.com\/ch-de\/wp-json\/wp\/v2\/users\/1"}],"replies":[{"embeddable":true,"href":"https:\/\/ptg-marketing.com\/ch-de\/wp-json\/wp\/v2\/comments?post=950"}],"version-history":[{"count":18,"href":"https:\/\/ptg-marketing.com\/ch-de\/wp-json\/wp\/v2\/pages\/950\/revisions"}],"predecessor-version":[{"id":3407,"href":"https:\/\/ptg-marketing.com\/ch-de\/wp-json\/wp\/v2\/pages\/950\/revisions\/3407"}],"wp:attachment":[{"href":"https:\/\/ptg-marketing.com\/ch-de\/wp-json\/wp\/v2\/media?parent=950"}],"curies":[{"name":"wp","href":"https:\/\/api.w.org\/{rel}","templated":true}]}}