{"id":770,"date":"2023-12-08T15:36:36","date_gmt":"2023-12-08T15:36:36","guid":{"rendered":"https:\/\/ptg-marketing.com\/?page_id=770"},"modified":"2026-03-10T08:58:07","modified_gmt":"2026-03-10T08:58:07","slug":"cookie-policy","status":"publish","type":"page","link":"https:\/\/ptg-marketing.com\/ch-de\/cookie-policy\/","title":{"rendered":"Cookie-Richtlinien"},"content":{"rendered":"<div style=\"height:50px\" aria-hidden=\"true\" class=\"wp-block-spacer\"><\/div>\n\n\n\n<hr class=\"wp-block-separator has-alpha-channel-opacity\"\/>\n\n\n\n<h2 class=\"wp-block-heading\">Cookie-Richtlinien<\/h2>\n\n\n\n<p>In diesen Cookie-Richtlinien wird erl\u00e4utert, wie PTG Marketing (\u201ewir\u201c, \u201euns\u201c oder \u201eunser\u201c) Cookies und \u00e4hnliche Technologien auf unserer Website verwendet. Indem Sie Cookies \u00fcber unser Cookie-Banner akzeptieren und unsere Website www.ptg-marketing.com nutzen, stimmen Sie der Verwendung von Cookies wie in dieser Richtlinie beschrieben zu.<\/p>\n\n\n\n<h3 class=\"wp-block-heading\">Rechtsgrundlage f\u00fcr die Verarbeitung personenbezogener Daten<\/h3>\n\n\n\n<p><strong>F\u00fcr Personen innerhalb der Schweiz:<\/strong> Unsere Verarbeitung personenbezogener Daten entspricht vollumf\u00e4nglich dem revidierten Schweizer Datenschutzgesetz (revDSG) und dem Fernmeldegesetz (FMG). Grunds\u00e4tzlich ist die Verarbeitung personenbezogener Daten nach Schweizer Recht ohne eine spezifische Rechtsgrundlage zul\u00e4ssig, vorausgesetzt, sie gehorcht den Prinzipien der Rechtm\u00e4ssigkeit, von Treu und Glauben, der Transparenz und der Verh\u00e4ltnism\u00e4ssigkeit. F\u00fcr die Nutzung nicht-essenzieller Cookies (wie jene, die f\u00fcr tiefgreifende Analysen, Werbung und Tracking eingesetzt werden) st\u00fctzen wir uns jedoch auf Ihre ausdr\u00fcckliche Zustimmung als Rechtfertigung f\u00fcr die Verarbeitung \u2013 insbesondere dort, wo diese Technologien zum Profiling beitragen k\u00f6nnten.<\/p>\n\n\n\n<p><strong>F\u00fcr Personen innerhalb des Europ\u00e4ischen Wirtschaftsraums (EWR) und des Vereinigten K\u00f6nigreichs (UK):<\/strong> Unsere Rechtsgrundlage f\u00fcr die Verarbeitung personenbezogener Daten mittels Cookies wird massgeblich durch die Datenschutz-Grundverordnung (DSGVO) und die ePrivacy-Richtlinie bestimmt.<\/p>\n\n\n\n<ul class=\"wp-block-list\">\n<li>F\u00fcr zwingend erforderliche Cookies: Unsere Rechtsgrundlage ist unser berechtigtes Interesse (Art. 6 Abs. 1 lit. f DSGVO) daran, die unersch\u00fctterliche Sicherheit, Funktionalit\u00e4t und den grundlegenden Betrieb unserer Website zu gew\u00e4hrleisten, oder Schritte zur Erf\u00fcllung eines Vertrags mit Ihnen einzuleiten.<\/li>\n\n\n\n<li>F\u00fcr Performance-, funktionale, Analyse- und Targeting-\/Werbe-Cookies: Unsere Rechtsgrundlage ist ausschliesslich Ihre ausdr\u00fcckliche Zustimmung (Art. 6 Abs. 1 lit. a DSGVO). Diese Cookies sind standardm\u00e4ssig deaktiviert und werden nur dann auf Ihrem Ger\u00e4t platziert, wenn Sie \u00fcber unser Cookie-Consent-Banner aktiv einwilligen (Opt-in). Sie haben das souver\u00e4ne Recht, diese Zustimmung jederzeit zu widerrufen, indem Sie Ihre Cookie-Pr\u00e4ferenzen aktualisieren.<\/li>\n<\/ul>\n\n\n\n<h3 class=\"wp-block-heading\">Was sind Cookies?<\/h3>\n\n\n\n<p>Cookies sind kleine Textdateien, die auf Ihrem Ger\u00e4t (Computer, Smartphone oder Tablet) abgelegt werden, wenn Sie eine Website besuchen. Sie werden h\u00e4ufig verwendet, um die Effizienz von Websites zu steigern und den Eigent\u00fcmern von Websites Informationen bereitzustellen.<\/p>\n\n\n\n<h3 class=\"wp-block-heading\">Cookie-Arten, die wir nutzen<\/h3>\n\n\n\n<ol class=\"wp-block-list\">\n<li>Essentielle Cookies: Diese Cookies sind f\u00fcr das Funktionieren unserer Website erforderlich. Sie erm\u00f6glichen grundlegende Funktionen wie Seitennavigation, sichere Bereiche und Online-Transaktionen.<\/li>\n\n\n\n<li>Leistungs- und Analyse-Cookies: Wir verwenden diese Cookies, um Informationen dar\u00fcber zu sammeln, wie Besucher unsere Website nutzen, einschliesslich der am h\u00e4ufigsten besuchten Seiten, der auf jeder Seite verbrachten Zeit und etwaiger Fehlermeldungen. Diese Informationen helfen uns, die Leistung und Funktionalit\u00e4t unserer Website zu verbessern.<\/li>\n\n\n\n<li>Funktionale Cookies: Diese Cookies erm\u00f6glichen es unserer Website, sich an Ihre Pr\u00e4ferenzen zu erinnern, wie z. B. die Sprachauswahl oder benutzerspezifische Einstellungen, um Ihnen ein pers\u00f6nlicheres Erlebnis zu bieten.<\/li>\n\n\n\n<li>Drittanbieter-Cookies: Unsere Website nutzt Cookies von handverlesenen, vertrauensw\u00fcrdigen Drittanbieter-Diensten. Diese erlauben es uns, den Website-Traffic mit analytischer Pr\u00e4zision auszuwerten, Formulareinsendungen kompromisslos sicher zu verarbeiten und zielgerichtete, resonierende Werbebotschaften auszuliefern. Diese Drittanbieter-Cookies unterliegen den jeweiligen Datenschutz- und Cookie-Richtlinien der entsprechenden Anbieter. Diese umfassen:\n<ul class=\"wp-block-list\">\n<li><strong>Google Analytics 4:<\/strong> F\u00fcr die tiefgreifende Analyse der Website-Performance und das Entschl\u00fcsseln des Besucherverhaltens.<\/li>\n\n\n\n<li><strong>Meta Pixel:<\/strong> Um Conversions aus Facebook- und Instagram-Kampagnen pr\u00e4zise nachzuvollziehen und hochkonvertierende Retargeting-Zielgruppen zu formen.<\/li>\n\n\n\n<li><strong>TikTok Pixel:<\/strong> F\u00fcr die strategische Optimierung und die exakte Messung des Erfolgs unserer TikTok-Werbekampagnen.<\/li>\n\n\n\n<li><strong>Microsoft Clarity:<\/strong> Zur Erfassung von Verhaltensmetriken und Heatmaps, die es uns erm\u00f6glichen, die Nutzererfahrung (Usability) unserer Website stetig zu perfektionieren.<\/li>\n\n\n\n<li><strong>Fluent Forms &amp; Zahlungsabwickler:<\/strong> Um Ihre Sitzungsdaten mit unersch\u00fctterlicher Sicherheit zu verwalten, w\u00e4hrend Sie Formulare einreichen oder eine Transaktion vollziehen.<\/li>\n<\/ul>\n<\/li>\n\n\n\n<li>Targeting- und Werbe-Cookies: Wir nutzen diese Cookies, um Ihre Surfgewohnheiten auf unserer Website analytisch zu erfassen. Dies bef\u00e4higt uns, Ihnen Werbebotschaften zu pr\u00e4sentieren, die hochgradig relevant f\u00fcr Sie sind und tief mit Ihren Interessen resonieren. Wir setzen sie ein, um die Durchschlagskraft unserer Werbekampagnen exakt zu messen und um zu verstehen, wie Sie mit unserer digitalen Pr\u00e4senz interagieren, nachdem eine unserer Anzeigen Ihre Aufmerksamkeit geweckt hat.<\/li>\n<\/ol>\n\n\n\n<h3 class=\"wp-block-heading\">Cookie-Pr\u00e4ferenzen verwalten<\/h3>\n\n\n\n<p>Sie k\u00f6nnen Ihre Cookie-Einstellungen \u00fcber die Einstellungen Ihres Webbrowsers verwalten. In den meisten Browsern k\u00f6nnen Sie Cookies blockieren oder l\u00f6schen. Bitte beachten Sie jedoch, dass das Blockieren oder L\u00f6schen bestimmter Cookies die Funktionalit\u00e4t unserer Website und Ihr Benutzererlebnis beeintr\u00e4chtigen kann.<\/p>\n\n\n\n<p>Sie k\u00f6nnen sich auch von bestimmten auf unserer Website verwendeten Cookies von Drittanbietern abmelden, indem Sie den Anweisungen zum Abmelden in den jeweiligen Datenschutzrichtlinien folgen. Dar\u00fcber hinaus erfahren Sie mehr \u00fcber die Verwaltung von Cookies unter www.allaboutcookies.org.<\/p>\n\n\n\n<h3 class=\"wp-block-heading\">Aktualisierungen dieser Cookie-Richtlinien<\/h3>\n\n\n\n<p>Wir behalten uns das Recht vor, diese Cookie-Richtlinien jederzeit und ohne vorherige Ank\u00fcndigung zu aktualisieren oder zu \u00e4ndern. Alle \u00c4nderungen werden sofort nach Ver\u00f6ffentlichung der aktualisierten Version auf unserer Website wirksam. Wir empfehlen Ihnen, diese Richtlinie regelm\u00e4ssig auf Aktualisierungen zu \u00fcberpr\u00fcfen.<\/p>\n\n\n\n<h3 class=\"wp-block-heading\">Kontaktieren Sie uns<\/h3>\n\n\n\n<p>Wenn Sie Fragen, Bedenken oder W\u00fcnsche bez\u00fcglich dieser Cookie-Richtlinie oder der Verwendung von Cookies auf unserer Website haben, z\u00f6gern Sie nicht, uns \u00fcber die auf unserer Website angegebenen Kontaktdaten zu kontaktieren.<\/p>\n\n\n\n<hr class=\"wp-block-separator has-alpha-channel-opacity\"\/>\n\n\n\n<div style=\"height:50px\" aria-hidden=\"true\" class=\"wp-block-spacer\"><\/div>","protected":false},"excerpt":{"rendered":"<p>Cookie Policy This Cookie Policy explains how PTG Marketing (&#8220;we,&#8221; &#8220;us,&#8221; or &#8220;our&#8221;) uses cookies and similar technologies on our website. By accepting cookies via our cookie banner and using our website, www.ptg-marketing.com, you consent to the use of cookies as described in this policy. Legal Basis for Processing Personal Data For individuals within Switzerland: [&hellip;]<\/p>\n","protected":false},"author":1,"featured_media":0,"parent":0,"menu_order":0,"comment_status":"closed","ping_status":"closed","template":"","meta":{"_uag_custom_page_level_css":"","site-sidebar-layout":"default","site-content-layout":"","ast-site-content-layout":"default","site-content-style":"default","site-sidebar-style":"default","ast-global-header-display":"","ast-banner-title-visibility":"","ast-main-header-display":"","ast-hfb-above-header-display":"","ast-hfb-below-header-display":"","ast-hfb-mobile-header-display":"","site-post-title":"","ast-breadcrumbs-content":"","ast-featured-img":"","footer-sml-layout":"","ast-disable-related-posts":"","theme-transparent-header-meta":"","adv-header-id-meta":"","stick-header-meta":"","header-above-stick-meta":"","header-main-stick-meta":"","header-below-stick-meta":"","astra-migrate-meta-layouts":"default","ast-page-background-enabled":"default","ast-page-background-meta":{"desktop":{"background-color":"var(--ast-global-color-4)","background-image":"","background-repeat":"repeat","background-position":"center center","background-size":"auto","background-attachment":"scroll","background-type":"","background-media":"","overlay-type":"","overlay-color":"","overlay-opacity":"","overlay-gradient":""},"tablet":{"background-color":"","background-image":"","background-repeat":"repeat","background-position":"center center","background-size":"auto","background-attachment":"scroll","background-type":"","background-media":"","overlay-type":"","overlay-color":"","overlay-opacity":"","overlay-gradient":""},"mobile":{"background-color":"","background-image":"","background-repeat":"repeat","background-position":"center center","background-size":"auto","background-attachment":"scroll","background-type":"","background-media":"","overlay-type":"","overlay-color":"","overlay-opacity":"","overlay-gradient":""}},"ast-content-background-meta":{"desktop":{"background-color":"var(--ast-global-color-5)","background-image":"","background-repeat":"repeat","background-position":"center center","background-size":"auto","background-attachment":"scroll","background-type":"","background-media":"","overlay-type":"","overlay-color":"","overlay-opacity":"","overlay-gradient":""},"tablet":{"background-color":"var(--ast-global-color-5)","background-image":"","background-repeat":"repeat","background-position":"center center","background-size":"auto","background-attachment":"scroll","background-type":"","background-media":"","overlay-type":"","overlay-color":"","overlay-opacity":"","overlay-gradient":""},"mobile":{"background-color":"var(--ast-global-color-5)","background-image":"","background-repeat":"repeat","background-position":"center center","background-size":"auto","background-attachment":"scroll","background-type":"","background-media":"","overlay-type":"","overlay-color":"","overlay-opacity":"","overlay-gradient":""}},"footnotes":""},"class_list":["post-770","page","type-page","status-publish","hentry"],"uagb_featured_image_src":{"full":false,"thumbnail":false,"medium":false,"medium_large":false,"large":false,"1536x1536":false,"2048x2048":false,"trp-custom-language-flag":false},"uagb_author_info":{"display_name":"ptg-marketing.com","author_link":"https:\/\/ptg-marketing.com\/ch-de\/author\/ptg-marketing-com\/"},"uagb_comment_info":0,"uagb_excerpt":"Cookie Policy This Cookie Policy explains how PTG Marketing (&#8220;we,&#8221; &#8220;us,&#8221; or &#8220;our&#8221;) uses cookies and similar technologies on our website. By accepting cookies via our cookie banner and using our website, www.ptg-marketing.com, you consent to the use of cookies as described in this policy. Legal Basis for Processing Personal Data For individuals within Switzerland:&hellip;","_links":{"self":[{"href":"https:\/\/ptg-marketing.com\/ch-de\/wp-json\/wp\/v2\/pages\/770","targetHints":{"allow":["GET"]}}],"collection":[{"href":"https:\/\/ptg-marketing.com\/ch-de\/wp-json\/wp\/v2\/pages"}],"about":[{"href":"https:\/\/ptg-marketing.com\/ch-de\/wp-json\/wp\/v2\/types\/page"}],"author":[{"embeddable":true,"href":"https:\/\/ptg-marketing.com\/ch-de\/wp-json\/wp\/v2\/users\/1"}],"replies":[{"embeddable":true,"href":"https:\/\/ptg-marketing.com\/ch-de\/wp-json\/wp\/v2\/comments?post=770"}],"version-history":[{"count":6,"href":"https:\/\/ptg-marketing.com\/ch-de\/wp-json\/wp\/v2\/pages\/770\/revisions"}],"predecessor-version":[{"id":3413,"href":"https:\/\/ptg-marketing.com\/ch-de\/wp-json\/wp\/v2\/pages\/770\/revisions\/3413"}],"wp:attachment":[{"href":"https:\/\/ptg-marketing.com\/ch-de\/wp-json\/wp\/v2\/media?parent=770"}],"curies":[{"name":"wp","href":"https:\/\/api.w.org\/{rel}","templated":true}]}}