{"id":681,"date":"2023-11-28T12:58:14","date_gmt":"2023-11-28T12:58:14","guid":{"rendered":"https:\/\/ptg-marketing.com\/?page_id=681"},"modified":"2024-10-07T16:21:03","modified_gmt":"2024-10-07T15:21:03","slug":"one-page-consultation","status":"publish","type":"page","link":"https:\/\/ptg-marketing.com\/ch-de\/one-page-consultation\/","title":{"rendered":"One-Page Consultation"},"content":{"rendered":"<div class=\"wp-block-cover alignfull\" id=\"One-Page\"><span aria-hidden=\"true\" class=\"wp-block-cover__background has-ast-global-color-1-background-color has-background-dim-100 has-background-dim\"><\/span><div class=\"wp-block-cover__inner-container is-layout-flow wp-block-cover-is-layout-flow\">\n<div class=\"wp-block-columns is-layout-flex wp-container-core-columns-is-layout-28f84493 wp-block-columns-is-layout-flex\">\n<div class=\"wp-block-column is-vertically-aligned-center is-layout-flow wp-block-column-is-layout-flow\" style=\"flex-basis:60%\">\n<h2 class=\"wp-block-heading has-ast-global-color-4-color has-text-color has-link-color wp-elements-8689ac29eccf0fc646f51788fb35fadf\">Schnelle Seitenanalyse<\/h2>\n\n\n\n<h4 class=\"wp-block-heading has-ast-global-color-5-color has-text-color has-link-color wp-elements-ce2c85f14af0f53e46c429c9f2aa8eac\">Hier beginnt die Reise, Ihre Website auf Augenh\u00f6he mit den Grossen zu bringen.<\/h4>\n\n\n\n<p class=\"has-text-color has-link-color wp-elements-492362c73339253b4280e15da5a027fb\" style=\"color:#e5f9ff\">Ganz einfach eingeben:<\/p>\n\n\n\n<ul class=\"wp-block-list\">\n<li class=\"translation-block\"><strong>Ihr Name<\/strong>, sodass ich weiss, wie ich Sie nennen darf.<\/li>\n\n\n\n<li class=\"translation-block\"><strong>Ihre E-Mail<\/strong>, damit ich Ihnen die Analyse Ihrer Website zusenden kann.<\/li>\n\n\n\n<li class=\"translation-block\"><strong>Die Webseiten-URL<\/strong>, damit ich weiss, welche Seite ich analysieren soll.<\/li>\n<\/ul>\n\n\n\n<p class=\"has-text-color has-link-color wp-elements-accc22f9697c9e5faff76ebd13881b61 translation-block\" style=\"color:#e5f9ff\">Das ist alles, was ich brauche, um loszulegen. Ich sende Ihnen meine Hinweise innerhalb der n\u00e4chsten Werktage unverbindlich als <strong>PDF-Datei<\/strong> und als <strong>Bildschirmaufzeichnung<\/strong> zu.<\/p>\n\n\n\n<p class=\"has-text-color has-link-color wp-elements-975862492f71442990f11f319c9cddca\" style=\"color:#e5f9ff\"><em>Und nein, ich f\u00fcge Sie KEINER Mailing-Liste hinzu...<\/em><\/p>\n<\/div>\n\n\n\n<div class=\"wp-block-column is-vertically-aligned-center is-layout-flow wp-block-column-is-layout-flow\" style=\"flex-basis:40%\">\n<div class=\"wp-block-uagb-forms uagb-forms__outer-wrap uagb-block-37291096 uagb-forms__medium-btn\"><form class=\"uagb-forms-main-form\" method=\"post\" autocomplete=\"on\" name=\"uagb-form-37291096\" action=\"\">\n<div class=\"wp-block-uagb-forms-name uagb-forms-name-wrap uagb-forms-field-set uagb-block-25264720\"><div class=\"uagb-forms-name-label required uagb-forms-input-label\" id=\"25264720\">Name<\/div><input type=\"text\" placeholder=\"Rex Empell (so werde ich Sie ansprechen)\" required class=\"uagb-forms-name-input uagb-forms-input\" name=\"25264720\" autocomplete=\"name\"\/><\/div>\n\n\n\n<div class=\"wp-block-uagb-forms-email uagb-forms-email-wrap uagb-forms-field-set uagb-block-9432a160\"><div class=\"uagb-forms-email-label required uagb-forms-input-label\" id=\"9432a160\">Email<\/div><input type=\"email\" class=\"uagb-forms-email-input uagb-forms-input\" placeholder=\"rex@rex-empell.ch (um Sie zu kontaktieren)\" required name=\"9432a160\" autocomplete=\"email\"\/><\/div>\n\n\n\n<div class=\"wp-block-uagb-forms-textarea uagb-forms-textarea-wrap uagb-forms-field-set uagb-block-d4ee8ed7\"><div class=\"uagb-forms-textarea-label required uagb-forms-input-label\" id=\"d4ee8ed7\">Webpage<\/div><textarea required class=\"uagb-forms-textarea-input uagb-forms-input\" rows=\"4\" placeholder=\"www.rex-ample.com (the URL of the web page I should take a look at)\" name=\"d4ee8ed7\" autocomplete=\"off\"><\/textarea><\/div>\n<div class=\"uagb-forms-form-hidden-data\"><input type=\"hidden\" class=\"uagb_forms_form_label\" value=\"One-Page Quick Pointers Form\"\/><input type=\"hidden\" class=\"uagb_forms_form_id\" value=\"uagb-form-37291096\"\/><\/div><div class=\"uagb-form-reacaptcha-error-37291096\"><\/div><div class=\"uagb-forms-main-submit-button-wrap wp-block-button\"><button class=\"uagb-forms-main-submit-button wp-block-button__link\"><div class=\"uagb-forms-main-submit-button-text\">Tipps erhalten<\/div><\/button><\/div><input type=\"hidden\" name=\"trp-form-language\" value=\"ch-de\"\/><\/form><div class=\"uagb-forms-success-message-37291096 uagb-forms-submit-message-hide\"><span>Vielen Dank f\u00fcr die \u00dcbermittlung. Sie erhalten Ihre schnelle Seitenanalyse so rasch wie m\u00f6glich.\nDer Prozess kann ein oder zwei Werktage in Anspruch nehmen. Vielen Dank im Voraus f\u00fcr Ihre Geduld. Sie werden es nicht bereuen.<\/span><\/div><div class=\"uagb-forms-failed-message-37291096 uagb-forms-submit-message-hide\"><span>Oje! Beim \u00dcbermitteln des Formulars ist ein Fehler aufgetreten. Bitte \u00fcberpr\u00fcfen Sie alle Formularfelder noch einmal. Sie m\u00f6chten sich diese Gelegenheit sicher nicht entgehen lassen.<\/span><\/div><\/div>\n<\/div>\n<\/div>\n\n\n\n<p class=\"has-text-align-center translation-block\">Was <em>genau<\/em> werde ich erhalten?<\/p>\n\n\n\n<div class=\"wp-block-uagb-image aligncenter uagb-block-9fb47d0d wp-block-uagb-image--layout-default wp-block-uagb-image--effect-static wp-block-uagb-image--align-center\"><figure class=\"wp-block-uagb-image__figure\"><img decoding=\"async\" srcset=\"https:\/\/ptg-marketing.com\/wp-content\/uploads\/2024\/06\/PTG_Marketing_Finger_Point-1.webp ,https:\/\/ptg-marketing.com\/wp-content\/uploads\/2024\/06\/PTG_Marketing_Finger_Point-1.webp 780w, https:\/\/ptg-marketing.com\/wp-content\/uploads\/2024\/06\/PTG_Marketing_Finger_Point-1.webp 360w\" sizes=\"auto, (max-width: 480px) 150px\" src=\"https:\/\/ptg-marketing.com\/wp-content\/uploads\/2024\/06\/PTG_Marketing_Finger_Point-1.webp\" alt=\"PTG Marketing Finger Point Down Icon\" class=\"uag-image-1539\" width=\"50\" height=\"133\" title=\"PTG_Marketing_Finger_Point\" loading=\"lazy\" role=\"img\"\/><\/figure><\/div>\n<\/div><\/div>\n\n\n\n<div id=\"recording\" class=\"wp-block-group is-layout-constrained wp-block-group-is-layout-constrained\">\n<h2 class=\"wp-block-heading has-text-align-center\">So sieht eine Bildschirm-Aufzeichnung aus<\/h2>\n\n\n\n<div style=\"height:25px\" aria-hidden=\"true\" class=\"wp-block-spacer\"><\/div>\n\n\n\n<div class=\"wp-block-columns is-layout-flex wp-container-core-columns-is-layout-28f84493 wp-block-columns-is-layout-flex\">\n<div class=\"wp-block-column is-vertically-aligned-center is-layout-flow wp-block-column-is-layout-flow\" style=\"flex-basis:30%\">\n<h3 class=\"wp-block-heading has-text-align-center\">Auf Englisch:<\/h3>\n<\/div>\n\n\n\n<div class=\"wp-block-column is-layout-flow wp-block-column-is-layout-flow\" style=\"flex-basis:70%\">\n<div align=\"center\"><iframe loading=\"lazy\" width=\"600\" height=\"337\" src=\"https:\/\/www.youtube.com\/embed\/H75fqH9MdZQ\" title=\"\" frameborder=\"0\" allow=\"accelerometer; autoplay; clipboard-write; encrypted-media; gyroscope; picture-in-picture; web-share\" referrerpolicy=\"strict-origin-when-cross-origin\" allowfullscreen><\/iframe><\/div>\n<\/div>\n<\/div>\n\n\n\n<div class=\"wp-block-columns is-layout-flex wp-container-core-columns-is-layout-28f84493 wp-block-columns-is-layout-flex\">\n<div class=\"wp-block-column is-vertically-aligned-center is-layout-flow wp-block-column-is-layout-flow\" style=\"flex-basis:30%\">\n<h3 class=\"wp-block-heading has-text-align-center\">Auf Schweizerdeutsch:<\/h3>\n<\/div>\n\n\n\n<div class=\"wp-block-column is-layout-flow wp-block-column-is-layout-flow\" style=\"flex-basis:70%\">\n<div align=\"center\"><iframe loading=\"lazy\" width=\"600\" height=\"337\" src=\"https:\/\/www.youtube.com\/embed\/68MUS85h-Qk\" title=\"\" frameborder=\"0\" allow=\"accelerometer; autoplay; clipboard-write; encrypted-media; gyroscope; picture-in-picture; web-share\" referrerpolicy=\"strict-origin-when-cross-origin\" allowfullscreen><\/iframe><\/div>\n<\/div>\n<\/div>\n<\/div>\n\n\n\n<div class=\"wp-block-buttons is-content-justification-center is-layout-flex wp-container-core-buttons-is-layout-a89b3969 wp-block-buttons-is-layout-flex\">\n<div class=\"wp-block-button\"><a class=\"wp-block-button__link wp-element-button\" href=\"https:\/\/ptg-marketing.com\/ch-de\/one-page-consultation\/#One-Page\">Ja, sowas will ich KOSTENLOS<\/a><\/div>\n<\/div>","protected":false},"excerpt":{"rendered":"<p>What a Screen Recording Looks Like In English: In Swiss-German:<\/p>","protected":false},"author":1,"featured_media":0,"parent":0,"menu_order":0,"comment_status":"closed","ping_status":"closed","template":"","meta":{"_uag_custom_page_level_css":"","site-sidebar-layout":"default","site-content-layout":"","ast-site-content-layout":"default","site-content-style":"default","site-sidebar-style":"default","ast-global-header-display":"","ast-banner-title-visibility":"","ast-main-header-display":"","ast-hfb-above-header-display":"","ast-hfb-below-header-display":"","ast-hfb-mobile-header-display":"","site-post-title":"","ast-breadcrumbs-content":"","ast-featured-img":"","footer-sml-layout":"","ast-disable-related-posts":"","theme-transparent-header-meta":"","adv-header-id-meta":"","stick-header-meta":"","header-above-stick-meta":"","header-main-stick-meta":"","header-below-stick-meta":"","astra-migrate-meta-layouts":"default","ast-page-background-enabled":"default","ast-page-background-meta":{"desktop":{"background-color":"var(--ast-global-color-4)","background-image":"","background-repeat":"repeat","background-position":"center center","background-size":"auto","background-attachment":"scroll","background-type":"","background-media":"","overlay-type":"","overlay-color":"","overlay-opacity":"","overlay-gradient":""},"tablet":{"background-color":"","background-image":"","background-repeat":"repeat","background-position":"center center","background-size":"auto","background-attachment":"scroll","background-type":"","background-media":"","overlay-type":"","overlay-color":"","overlay-opacity":"","overlay-gradient":""},"mobile":{"background-color":"","background-image":"","background-repeat":"repeat","background-position":"center center","background-size":"auto","background-attachment":"scroll","background-type":"","background-media":"","overlay-type":"","overlay-color":"","overlay-opacity":"","overlay-gradient":""}},"ast-content-background-meta":{"desktop":{"background-color":"var(--ast-global-color-5)","background-image":"","background-repeat":"repeat","background-position":"center center","background-size":"auto","background-attachment":"scroll","background-type":"","background-media":"","overlay-type":"","overlay-color":"","overlay-opacity":"","overlay-gradient":""},"tablet":{"background-color":"var(--ast-global-color-5)","background-image":"","background-repeat":"repeat","background-position":"center center","background-size":"auto","background-attachment":"scroll","background-type":"","background-media":"","overlay-type":"","overlay-color":"","overlay-opacity":"","overlay-gradient":""},"mobile":{"background-color":"var(--ast-global-color-5)","background-image":"","background-repeat":"repeat","background-position":"center center","background-size":"auto","background-attachment":"scroll","background-type":"","background-media":"","overlay-type":"","overlay-color":"","overlay-opacity":"","overlay-gradient":""}},"footnotes":""},"class_list":["post-681","page","type-page","status-publish","hentry"],"uagb_featured_image_src":{"full":false,"thumbnail":false,"medium":false,"medium_large":false,"large":false,"1536x1536":false,"2048x2048":false,"trp-custom-language-flag":false},"uagb_author_info":{"display_name":"ptg-marketing.com","author_link":"https:\/\/ptg-marketing.com\/ch-de\/author\/ptg-marketing-com\/"},"uagb_comment_info":0,"uagb_excerpt":"What a Screen Recording Looks Like In English: In Swiss-German:","_links":{"self":[{"href":"https:\/\/ptg-marketing.com\/ch-de\/wp-json\/wp\/v2\/pages\/681","targetHints":{"allow":["GET"]}}],"collection":[{"href":"https:\/\/ptg-marketing.com\/ch-de\/wp-json\/wp\/v2\/pages"}],"about":[{"href":"https:\/\/ptg-marketing.com\/ch-de\/wp-json\/wp\/v2\/types\/page"}],"author":[{"embeddable":true,"href":"https:\/\/ptg-marketing.com\/ch-de\/wp-json\/wp\/v2\/users\/1"}],"replies":[{"embeddable":true,"href":"https:\/\/ptg-marketing.com\/ch-de\/wp-json\/wp\/v2\/comments?post=681"}],"version-history":[{"count":44,"href":"https:\/\/ptg-marketing.com\/ch-de\/wp-json\/wp\/v2\/pages\/681\/revisions"}],"predecessor-version":[{"id":1744,"href":"https:\/\/ptg-marketing.com\/ch-de\/wp-json\/wp\/v2\/pages\/681\/revisions\/1744"}],"wp:attachment":[{"href":"https:\/\/ptg-marketing.com\/ch-de\/wp-json\/wp\/v2\/media?parent=681"}],"curies":[{"name":"wp","href":"https:\/\/api.w.org\/{rel}","templated":true}]}}