{"id":3,"date":"2023-08-30T09:55:09","date_gmt":"2023-08-30T08:55:09","guid":{"rendered":"http:\/\/ptg-marketing.com\/?page_id=3"},"modified":"2026-03-10T07:27:46","modified_gmt":"2026-03-10T07:27:46","slug":"privacy-policy","status":"publish","type":"page","link":"https:\/\/ptg-marketing.com\/ch-de\/privacy-policy\/","title":{"rendered":"Datenschutzrichtlinien"},"content":{"rendered":"<div style=\"height:50px\" aria-hidden=\"true\" class=\"wp-block-spacer\"><\/div>\n\n\n\n<hr class=\"wp-block-separator has-alpha-channel-opacity\"\/>\n\n\n\n<h2 class=\"wp-block-heading\">Datenschutzrichtlinien<\/h2>\n\n\n\n<p>In dieser Datenschutzrichtlinie wird erl\u00e4utert, wie PTG Marketing (\u201ewir\u201c, \u201euns\u201c oder \u201eunser\u201c) die personenbezogenen Daten unserer Website-Besucher und -Benutzer erhebt, verwendet und sch\u00fctzt. Durch die Nutzung unserer Website www.ptg-marketing.com stimmen Sie den in dieser Richtlinie beschriebenen Praktiken zu.<\/p>\n\n\n\n<h3 class=\"wp-block-heading\">Daten, die wir sammeln<\/h3>\n\n\n\n<ol class=\"wp-block-list\">\n<li>Pers\u00f6nliche Daten: Wenn Sie unsere Website besuchen oder mit ihr interagieren, erfassen wir m\u00f6glicherweise personenbezogene Daten wie Ihren Namen, Ihre E-Mail-Adresse und alle anderen Informationen, die Sie freiwillig \u00fcber Kontaktformulare oder Kontoregistrierung angeben.<\/li>\n\n\n\n<li>Nutzungs- und Analysedaten: Wir erfassen m\u00f6glicherweise automatisch bestimmte Informationen \u00fcber Ihren Besuch auf unserer Website, einschliesslich Ihrer IP-Adresse, der verweisenden Website, des Browsertyps, des verwendeten Ger\u00e4ts, der besuchten Seiten und der Dauer Ihres Besuchs. Diese Daten werden \u00fcber Cookies und \u00e4hnliche Technologien gesammelt, die uns helfen, das Nutzerverhalten zu analysieren und unsere Dienste zu verbessern.<\/li>\n\n\n\n<li>Cookies: Cookies sind kleine Dateien, die auf Ihrem Ger\u00e4t gespeichert werden und bestimmte Website-Funktionen erm\u00f6glichen und Ihr Surferlebnis verbessern. Wir k\u00f6nnen sowohl Sitzungs- als auch dauerhafte Cookies verwenden, um unsere Website zu betreiben und Benutzeraktivit\u00e4ten zu verfolgen. Sie k\u00f6nnen Ihre Cookie-Einstellungen in Ihren Browsereinstellungen verwalten. Weitere Informationen zur Verwendung von Cookies finden Sie <a href=\"https:\/\/ptg-marketing.com\/ch-de\/cookie-policy\/\" data-type=\"page\" data-id=\"770\">hier<\/a>.<\/li>\n<\/ol>\n\n\n\n<h3 class=\"wp-block-heading\">Wie wir Ihre Daten nutzen<\/h3>\n\n\n\n<ol class=\"wp-block-list\">\n<li>Bereitstellung und Verbesserung von Dienstleistungen: Wir k\u00f6nnen Ihre personenbezogenen Daten verwenden, um auf Ihre Anfragen zu antworten, Ihre Anfragen zu erf\u00fcllen, Transaktionen abzuwickeln und Ihnen die von Ihnen angeforderten Dienstleistungen oder Informationen bereitzustellen. Dar\u00fcber hinaus k\u00f6nnen wir Ihre Daten verwenden, um die Effektivit\u00e4t unserer Website und Dienste zu analysieren und zu verbessern.<\/li>\n\n\n\n<li>Kommunikation: Wir k\u00f6nnen die von Ihnen angegebene E-Mail-Adresse verwenden, um Ihnen wichtige Updates, Newsletter oder andere Informationen im Zusammenhang mit unseren Dienstleistungen zu senden. Sie k\u00f6nnen diese Mitteilungen jederzeit abbestellen, indem Sie den in den E-Mails enthaltenen Anweisungen zum Abbestellen folgen.<\/li>\n<\/ol>\n\n\n\n<h3 class=\"wp-block-heading\">Wie wir Ihre Daten teilen<\/h3>\n\n\n\n<ol class=\"wp-block-list\">\n<li>Drittanbieter: Wir k\u00f6nnen Ihre personenbezogenen Daten an vertrauensw\u00fcrdige Drittanbieter weitergeben, um uns bei der Bereitstellung unserer Dienste zu unterst\u00fctzen, z. B. Hosting-Anbieter, E-Mail-Dienstanbieter und Analyseplattformen. Diese Parteien sind verpflichtet, Ihre Daten zu sch\u00fctzen und sie ausschliesslich f\u00fcr die von uns angegebenen Zwecke zu verwenden.<\/li>\n\n\n\n<li>Rechtliche Anforderungen: Wir k\u00f6nnen Ihre personenbezogenen Daten offenlegen, wenn dies gesetzlich vorgeschrieben ist oder als Reaktion auf eine rechtlich g\u00fcltige Anfrage von Regierungsbeh\u00f6rden.<\/li>\n<\/ol>\n\n\n\n<h3 class=\"wp-block-heading\">Mit wem wir Ihre Informationen teilen<\/h3>\n\n\n\n<ol class=\"wp-block-list\">\n<li><strong>Google Analytics 4:<\/strong> Wir nutzen Google Analytics 4 (\u201eGA4\u201c), einen Webanalysedienst der Google LLC (\u201eGoogle\u201c). GA4 verwendet Cookies und \u00e4hnliche Technologien, um Informationen dar\u00fcber zu erheben und zu analysieren, wie Nutzer mit dieser Website interagieren, einschliesslich, aber nicht beschr\u00e4nkt auf die IP-Adresse des Nutzers, Browsertyp, Ger\u00e4teinformationen, Betriebssystem und die auf der Website besuchten Seiten. Diese Informationen werden verwendet, um den Website-Traffic zu tracken, die Effektivit\u00e4t von Marketingkampagnen zu messen und das Nutzerverhalten zu verstehen, um das Design und die Funktionalit\u00e4t der Website zu verbessern. GA4 setzt branchen\u00fcbliche Sicherheitsmassnahmen ein, einschliesslich Datenverschl\u00fcsselung und Zugriffskontrollen, um Ihre Informationen zu sch\u00fctzen. Google anonymisiert IP-Adressen zudem standardm\u00e4ssig, was zum Schutz der Privatsph\u00e4re der Nutzer beitr\u00e4gt. Sie k\u00f6nnen mehr \u00fcber Googles Datenschutz- und Sicherheitspraktiken erfahren, indem Sie deren Datenschutzrichtlinie pr\u00fcfen: <a href=\"https:\/\/policies.google.com\/privacy\" target=\"_blank\" rel=\"noreferrer noopener\">https:\/\/policies.google.com\/privacy<\/a>.<\/li>\n\n\n\n<li><strong>Google Fonts:<\/strong> Diese Website nutzt Google Fonts, einen Dienst von Google, der es uns erm\u00f6glicht, Schriftarten auf unserer Website darzustellen. Wenn Sie unsere Website besuchen, verbindet sich Ihr Browser mit den Servern von Google, um die notwendigen Schriftartendateien herunterzuladen. Bei diesem Prozess erh\u00e4lt Google Ihre IP-Adresse, welche notwendig ist, um die Schriftartendateien an Ihren Browser zu liefern. Laut Google werden diese Informationen genutzt, um auf Ihre Anfrage zu antworten und f\u00fcr Sicherheitszwecke. Die durch Google Fonts erhobenen Informationen werden nicht genutzt, um Profile von Endnutzern zu erstellen oder f\u00fcr zielgerichtete Werbung. Google Fonts setzt selbst keine Cookies; jedoch k\u00f6nnen andere Google-Dienste Cookies setzen, wenn Sie in einem Google-Konto eingeloggt sind. Obwohl Google Fonts keine Cookies setzt, kann die Erhebung Ihrer IP-Adresse unter bestimmten Datenschutzbestimmungen, wie der Datenschutz-Grundverordnung (DSGVO), als personenbezogene Information betrachtet werden.<\/li>\n\n\n\n<li><strong>Microsoft Clarity &amp; Microsoft Advertising:<\/strong> Wir arbeiten mit Microsoft Clarity und Microsoft Advertising zusammen, um zu erfassen, wie Sie unsere Website nutzen und mit ihr interagieren. Dies geschieht durch Verhaltensmetriken, Heatmaps und Session-Replay, um unsere Produkte\/Dienstleistungen zu verbessern und zu vermarkten. Website-Nutzungsdaten werden mithilfe von First- und Third-Party-Cookies sowie anderen Tracking-Technologien erfasst, um die Popularit\u00e4t von Produkten\/Dienstleistungen und die Online-Aktivit\u00e4t zu bestimmen. Zus\u00e4tzlich nutzen wir diese Informationen f\u00fcr die Seitenoptimierung, f\u00fcr Betrugs-\/Sicherheitszwecke und f\u00fcr Werbung. F\u00fcr weitere Informationen dar\u00fcber, wie Microsoft Ihre Daten erhebt und nutzt, besuchen Sie die\u00a0<a href=\"https:\/\/privacy.microsoft.com\/privacystatement\" target=\"_blank\" rel=\"noreferrer noopener\">Microsoft Datenschutzerkl\u00e4rung<\/a>.<\/li>\n\n\n\n<li><strong>Fluent Forms (Pro):<\/strong> Wir nutzen Fluent Forms (Pro) nicht nur, um Formulareintr\u00e4ge von Interessenten und Kunden zu erfassen und zu verwalten, sondern auch, um Online-Zahlungen f\u00fcr unsere Dienstleistungen sicher zu verarbeiten. Wenn Sie eine Anfrage oder Registrierung einreichen oder einen Kauf \u00fcber unsere Website t\u00e4tigen, werden die von Ihnen freiwillig bereitgestellten Informationen \u2013 wie Ihr Name, Ihre E-Mail-Adresse, Rechnungsdetails und Zahlungsinformationen \u2013 \u00fcber diesen Dienst erfasst und verarbeitet. Fluent Forms stellt die massgebliche Software-Infrastruktur bereit, um Ihre Daten\u00fcbermittlungen sicher zu handhaben und Transaktionen reibungslos zu orchestrieren. Wir speichern Ihre vollst\u00e4ndigen Kreditkarteninformationen nicht direkt auf unseren Servern. Sie k\u00f6nnen mehr \u00fcber deren Datenschutz- und Sicherheitspraktiken erfahren, indem Sie deren Datenschutzrichtlinie pr\u00fcfen: <a href=\"https:\/\/www.google.com\/search?q=https:\/\/fluentforms.com\/privacy-policy\/\" target=\"_blank\" rel=\"noreferrer noopener\">https:\/\/fluentforms.com\/privacy-policy\/<\/a>.<\/li>\n\n\n\n<li><strong>Hostinger:<\/strong> Unsere Website und Domain werden von Hostinger gehostet, welches die essenziellen Server und die Infrastruktur bereitstellt, die f\u00fcr den Betrieb unserer Seite notwendig sind. Als unser Hosting-Anbieter verarbeitet und speichert Hostinger m\u00f6glicherweise Daten, die \u00fcber unsere Website \u00fcbertragen werden, einschliesslich Ihrer IP-Adresse, grundlegender Browser-Informationen und jeglicher personenbezogener Daten, die Sie \u00fcber unsere Webformulare \u00fcbermitteln. Diese Datenverarbeitung ist zwingend erforderlich, um die unersch\u00fctterliche Sicherheit, Zuverl\u00e4ssigkeit und Leistung unserer Website zu gew\u00e4hrleisten. Hostinger setzt branchen\u00fcbliche Sicherheitsmassnahmen ein, einschliesslich strenger Verschl\u00fcsselung und pr\u00e4ziser Zugriffskontrollen, um die auf ihren Servern gespeicherten Informationen zu sch\u00fctzen. Sie k\u00f6nnen mehr dar\u00fcber erfahren, wie Hostinger Daten handhabt und sch\u00fctzt, indem Sie deren Datenschutzrichtlinie pr\u00fcfen: <a href=\"https:\/\/www.hostinger.com\/legal\/privacy-policy\" target=\"_blank\" rel=\"noreferrer noopener\">https:\/\/www.hostinger.com\/legal\/privacy-policy<\/a>.<\/li>\n\n\n\n<li><strong>MailerLite:<\/strong> Wir nutzen MailerLite, um unsere E-Mail-Marketing-Abonnentenlisten zu verwalten und automatisierte Kommunikationen, Newsletter sowie Service-Updates zu versenden. Wenn Sie sich f\u00fcr unsere kostenlosen Tools anmelden, unseren Newsletter abonnieren oder einen Kauf t\u00e4tigen, werden die von Ihnen bereitgestellte E-Mail-Adresse und Ihr Name an MailerLite \u00fcbertragen und dort verarbeitet. Wir nutzen diesen Dienst, um hochkar\u00e4tige Ressourcen sicher auszuliefern, Ihnen relevante Updates zu senden und das E-Mail-Engagement (wie \u00d6ffnungsraten und Link-Klicks) analytisch zu tracken, um unsere Kommunikation stetig zu perfektionieren. Die Datenverarbeitungspraktiken von MailerLite entsprechen strengen Sicherheitsstandards. F\u00fcr tiefere Einblicke pr\u00fcfen Sie bitte die Datenschutzrichtlinie von MailerLite unter: <a href=\"https:\/\/www.mailerlite.com\/legal\/privacy-policy\" target=\"_blank\" rel=\"noreferrer noopener\">https:\/\/www.mailerlite.com\/legal\/privacy-policy<\/a>.<\/li>\n\n\n\n<li><strong>Meta Pixel (Facebook &amp; Instagram):<\/strong> Unsere Website nutzt das Meta Pixel, eine fortschrittliche Tracking-Technologie der Meta Platforms, Inc. Das Meta Pixel erlaubt es uns, die Besucheraktivit\u00e4t auf unserer Website \u2013 wie Seitenaufrufe und Formulareinsendungen \u2013 nachzuvollziehen, um die Effektivit\u00e4t unserer Werbekampagnen zu messen und Ihnen zielgerichtete Werbeanzeigen auf Facebook und Instagram auszuliefern. Diese Daten werden auf unserer Seite vollkommen anonym erhoben, was bedeutet, dass wir Ihre pers\u00f6nliche Identit\u00e4t nicht einsehen k\u00f6nnen; Meta kann diese Daten jedoch mit Ihrem Facebook- oder Instagram-Konto verkn\u00fcpfen. Sie k\u00f6nnen mehr dar\u00fcber erfahren, wie Meta diese Daten nutzt, und Ihre Werbepr\u00e4ferenzen verwalten, indem Sie deren Datenrichtlinie pr\u00fcfen: <a href=\"https:\/\/www.facebook.com\/privacy\/policy\" target=\"_blank\" rel=\"noreferrer noopener\">https:\/\/www.facebook.com\/privacy\/policy<\/a>.<\/li>\n\n\n\n<li><strong>TikTok Pixel:<\/strong> Wir nutzen das TikTok Pixel, ein analytisches Werkzeug von TikTok, um zu verstehen, wie Nutzer mit unserer Website interagieren, und um unsere Werbekampagnen auf der TikTok-Plattform strategisch zu optimieren. Das Pixel erhebt Daten \u00fcber Ihr Surfverhalten auf unserer Seite, was uns dabei hilft, den Erfolg unserer Anzeigen pr\u00e4zise zu messen und Ihnen relevante Inhalte zu pr\u00e4sentieren. Wie beim Meta Pixel sind die von TikTok erhobenen Daten f\u00fcr uns pseudonymisiert. F\u00fcr detailliertere Informationen dar\u00fcber, wie TikTok Ihre Daten verarbeitet, pr\u00fcfen Sie bitte die TikTok-Datenschutzrichtlinie unter: <a href=\"https:\/\/www.tiktok.com\/legal\/privacy-policy\" target=\"_blank\" rel=\"noreferrer noopener\">https:\/\/www.tiktok.com\/legal\/privacy-policy<\/a>.<\/li>\n<\/ol>\n\n\n\n<h3 class=\"wp-block-heading\">Datenaufbewahrung<\/h3>\n\n\n\n<p>Wir bewahren Ihre personenbezogenen Daten so lange auf, wie es zur Erf\u00fcllung der in dieser Datenschutzrichtlinie dargelegten Zwecke erforderlich ist, es sei denn, eine l\u00e4ngere Aufbewahrungsfrist ist gesetzlich vorgeschrieben oder zul\u00e4ssig. Wenn Ihre pers\u00f6nlichen Daten f\u00fcr unsere Zwecke nicht mehr erforderlich sind, werden wir sie sicher l\u00f6schen oder anonymisieren.<\/p>\n\n\n\n<h3 class=\"wp-block-heading\">Sicherheit<\/h3>\n\n\n\n<p>Wir ergreifen angemessene Sicherheitsmassnahmen, um Ihre pers\u00f6nlichen Daten vor unbefugtem Zugriff, \u00c4nderung, Offenlegung oder Zerst\u00f6rung zu sch\u00fctzen. Bitte beachten Sie jedoch, dass keine Methode der \u00dcbertragung \u00fcber das Internet oder der elektronischen Speicherung v\u00f6llig sicher ist und wir keine absolute Sicherheit garantieren k\u00f6nnen.<\/p>\n\n\n\n<h3 class=\"wp-block-heading\">Links zu Websites Dritter<\/h3>\n\n\n\n<p>Unsere Website kann Links zu Websites Dritter enthalten, die nicht unserer Kontrolle unterliegen. Wir sind nicht verantwortlich f\u00fcr die Datenschutzpraktiken dieser Websites. Wir empfehlen, deren Datenschutzrichtlinien zu lesen, bevor Sie personenbezogene Daten angeben.<\/p>\n\n\n\n<h3 class=\"wp-block-heading\">\u00c4nderungen der Datenschutzrichtlinien<\/h3>\n\n\n\n<p>Wir behalten uns das Recht vor, diese Datenschutzrichtlinien jederzeit und ohne vorherige Ank\u00fcndigung zu aktualisieren oder zu \u00e4ndern. Alle \u00c4nderungen werden sofort nach Ver\u00f6ffentlichung der aktualisierten Version auf unserer Website wirksam. Wir empfehlen Ihnen, diese Richtlinie regelm\u00e4ssig durchzulesen, um \u00fcber unsere Datenpraktiken auf dem Laufenden zu bleiben.<\/p>\n\n\n\n<h3 class=\"wp-block-heading\">Kontaktieren Sie uns<\/h3>\n\n\n\n<p>Wenn Sie Fragen, Bedenken oder W\u00fcnsche bez\u00fcglich dieser Datenschutzrichtlinien oder den von uns \u00fcber Sie gespeicherten personenbezogenen Daten haben, kontaktieren Sie uns bitte \u00fcber die auf unserer Website angegebenen Kontaktdaten.<\/p>\n\n\n\n<hr class=\"wp-block-separator has-alpha-channel-opacity\"\/>\n\n\n\n<div style=\"height:50px\" aria-hidden=\"true\" class=\"wp-block-spacer\"><\/div>","protected":false},"excerpt":{"rendered":"<p>Privacy Policy This Privacy Policy explains how PTG Marketing (&#8220;we,&#8221; &#8220;us,&#8221; or &#8220;our&#8221;) collects, uses, and protects the personal data of our website visitors and users. By using our website, www.ptg-marketing.com, you consent to the practices detailed in this policy. Information We Collect How We Use Your Information How We Share Your Information Who We [&hellip;]<\/p>\n","protected":false},"author":1,"featured_media":0,"parent":0,"menu_order":0,"comment_status":"closed","ping_status":"open","template":"","meta":{"_uag_custom_page_level_css":"","site-sidebar-layout":"default","site-content-layout":"","ast-site-content-layout":"default","site-content-style":"default","site-sidebar-style":"default","ast-global-header-display":"","ast-banner-title-visibility":"","ast-main-header-display":"","ast-hfb-above-header-display":"","ast-hfb-below-header-display":"","ast-hfb-mobile-header-display":"","site-post-title":"","ast-breadcrumbs-content":"","ast-featured-img":"","footer-sml-layout":"","ast-disable-related-posts":"","theme-transparent-header-meta":"","adv-header-id-meta":"","stick-header-meta":"","header-above-stick-meta":"","header-main-stick-meta":"","header-below-stick-meta":"","astra-migrate-meta-layouts":"default","ast-page-background-enabled":"default","ast-page-background-meta":{"desktop":{"background-color":"var(--ast-global-color-4)","background-image":"","background-repeat":"repeat","background-position":"center center","background-size":"auto","background-attachment":"scroll","background-type":"","background-media":"","overlay-type":"","overlay-color":"","overlay-opacity":"","overlay-gradient":""},"tablet":{"background-color":"","background-image":"","background-repeat":"repeat","background-position":"center center","background-size":"auto","background-attachment":"scroll","background-type":"","background-media":"","overlay-type":"","overlay-color":"","overlay-opacity":"","overlay-gradient":""},"mobile":{"background-color":"","background-image":"","background-repeat":"repeat","background-position":"center center","background-size":"auto","background-attachment":"scroll","background-type":"","background-media":"","overlay-type":"","overlay-color":"","overlay-opacity":"","overlay-gradient":""}},"ast-content-background-meta":{"desktop":{"background-color":"var(--ast-global-color-5)","background-image":"","background-repeat":"repeat","background-position":"center center","background-size":"auto","background-attachment":"scroll","background-type":"","background-media":"","overlay-type":"","overlay-color":"","overlay-opacity":"","overlay-gradient":""},"tablet":{"background-color":"var(--ast-global-color-5)","background-image":"","background-repeat":"repeat","background-position":"center center","background-size":"auto","background-attachment":"scroll","background-type":"","background-media":"","overlay-type":"","overlay-color":"","overlay-opacity":"","overlay-gradient":""},"mobile":{"background-color":"var(--ast-global-color-5)","background-image":"","background-repeat":"repeat","background-position":"center center","background-size":"auto","background-attachment":"scroll","background-type":"","background-media":"","overlay-type":"","overlay-color":"","overlay-opacity":"","overlay-gradient":""}},"footnotes":""},"class_list":["post-3","page","type-page","status-publish","hentry"],"uagb_featured_image_src":{"full":false,"thumbnail":false,"medium":false,"medium_large":false,"large":false,"1536x1536":false,"2048x2048":false,"trp-custom-language-flag":false},"uagb_author_info":{"display_name":"ptg-marketing.com","author_link":"https:\/\/ptg-marketing.com\/ch-de\/author\/ptg-marketing-com\/"},"uagb_comment_info":0,"uagb_excerpt":"Privacy Policy This Privacy Policy explains how PTG Marketing (&#8220;we,&#8221; &#8220;us,&#8221; or &#8220;our&#8221;) collects, uses, and protects the personal data of our website visitors and users. By using our website, www.ptg-marketing.com, you consent to the practices detailed in this policy. Information We Collect How We Use Your Information How We Share Your Information Who We&hellip;","_links":{"self":[{"href":"https:\/\/ptg-marketing.com\/ch-de\/wp-json\/wp\/v2\/pages\/3","targetHints":{"allow":["GET"]}}],"collection":[{"href":"https:\/\/ptg-marketing.com\/ch-de\/wp-json\/wp\/v2\/pages"}],"about":[{"href":"https:\/\/ptg-marketing.com\/ch-de\/wp-json\/wp\/v2\/types\/page"}],"author":[{"embeddable":true,"href":"https:\/\/ptg-marketing.com\/ch-de\/wp-json\/wp\/v2\/users\/1"}],"replies":[{"embeddable":true,"href":"https:\/\/ptg-marketing.com\/ch-de\/wp-json\/wp\/v2\/comments?post=3"}],"version-history":[{"count":13,"href":"https:\/\/ptg-marketing.com\/ch-de\/wp-json\/wp\/v2\/pages\/3\/revisions"}],"predecessor-version":[{"id":3396,"href":"https:\/\/ptg-marketing.com\/ch-de\/wp-json\/wp\/v2\/pages\/3\/revisions\/3396"}],"wp:attachment":[{"href":"https:\/\/ptg-marketing.com\/ch-de\/wp-json\/wp\/v2\/media?parent=3"}],"curies":[{"name":"wp","href":"https:\/\/api.w.org\/{rel}","templated":true}]}}