{"id":1171,"date":"2024-02-15T12:21:15","date_gmt":"2024-02-15T12:21:15","guid":{"rendered":"https:\/\/ptg-marketing.com\/?page_id=1171"},"modified":"2024-02-15T13:25:39","modified_gmt":"2024-02-15T13:25:39","slug":"quiz-12122","status":"publish","type":"page","link":"https:\/\/ptg-marketing.com\/ch-de\/quiz\/quiz-12122\/","title":{"rendered":"Quiz-12122"},"content":{"rendered":"<div class=\"inherit-container-width wp-block-group alignfull has-ast-global-color-4-background-color has-background is-layout-constrained wp-block-group-is-layout-constrained\">\n<hr class=\"wp-block-separator has-alpha-channel-opacity\"\/>\n\n\n\n<p class=\"has-text-align-center\">Fantastisch! Ich empfehle Ihnen also, sich f\u00fcr diesen Service zu entscheiden:<\/p>\n\n\n\n<h2 class=\"wp-block-heading has-text-align-center\">Website-Beratung oder Content Workshop<\/h2>\n\n\n\n<p>Ich schlage vor, dass Sie entweder ein Einzelgespr\u00e4ch in Anspruch nehmen oder zusammen mit ein paar anderen Gleichgesinnten an einem meiner Content-Workshops teilnehmen. Ich informiere Sie gerne, wenn freie Pl\u00e4tze verf\u00fcgbar sind. <\/p>\n\n\n\n<div class=\"wp-block-columns has-background is-layout-flex wp-container-core-columns-is-layout-b653aba5 wp-block-columns-is-layout-flex\" style=\"border-radius:25px;background-color:#e5f9ff;padding-top:var(--wp--preset--spacing--50);padding-right:var(--wp--preset--spacing--50);padding-bottom:var(--wp--preset--spacing--50);padding-left:var(--wp--preset--spacing--50)\">\n<div class=\"wp-block-column is-vertically-aligned-center is-layout-flow wp-block-column-is-layout-flow\">\n<h3 class=\"wp-block-heading\">Der Beratungs-Prozess<\/h3>\n\n\n\n<ul class=\"wp-block-list\">\n<li class=\"translation-block\"><strong>Schritt 1:<\/strong> Sie geben mir die URL(s) der Seite(n) an, die ich mir ansehen soll.<\/li>\n\n\n\n<li class=\"translation-block\"><strong>Schritt 2:<\/strong> Ich sende Ihnen eine Offerte basierend auf der voraussichtlich ben\u00f6tigten Zeit f\u00fcr das Projekt.<\/li>\n\n\n\n<li class=\"translation-block\"><strong>Schritt 3:<\/strong> Sie erhalten ein Video und eine PDF-Datei f\u00fcr jede URL, deren Analyse Sie von mir angefordert haben.<\/li>\n\n\n\n<li class=\"translation-block\"><strong>Schritt 4:<\/strong> Optional besprechen wir die Optimierungspunkte per Videoanruf oder in Person (1:1-Beratung).<\/li>\n\n\n\n<li class=\"translation-block\"><strong>Schritt 5:<\/strong> Bezahlung gem\u00e4ss den vereinbarten Parametern und AGBs.<\/li>\n<\/ul>\n<\/div>\n\n\n\n<div class=\"wp-block-column is-vertically-aligned-center is-layout-flow wp-block-column-is-layout-flow\">\n<div data-aos= \"fade-up\" data-aos-duration=\"400\" data-aos-delay=\"0\" data-aos-easing=\"ease\" data-aos-once=\"true\" class=\"wp-block-uagb-image uagb-block-be901b32 wp-block-uagb-image--layout-default wp-block-uagb-image--effect-static wp-block-uagb-image--align-none\"><figure class=\"wp-block-uagb-image__figure\"><img decoding=\"async\" srcset=\"https:\/\/ptg-marketing.com\/wp-content\/uploads\/2023\/10\/PTG_Marketing_Two_Men_Flipchart_Consulting_Web_Design_v1-1024x791.webp \" sizes=\"auto, (max-width: 480px) 150px\" src=\"https:\/\/ptg-marketing.com\/wp-content\/uploads\/2023\/10\/PTG_Marketing_Two_Men_Flipchart_Consulting_Web_Design_v1-1024x791.webp\" alt=\"Two men discussing the design of their website on a flip chart.\" class=\"uag-image-464\" width=\"1282\" height=\"990\" title=\"\" loading=\"lazy\"\/><\/figure><\/div>\n<\/div>\n<\/div>\n\n\n\n<div class=\"wp-block-columns is-layout-flex wp-container-core-columns-is-layout-28f84493 wp-block-columns-is-layout-flex\">\n<div class=\"wp-block-column is-layout-flow wp-block-column-is-layout-flow\"><\/div>\n\n\n\n<div class=\"wp-block-column is-vertically-aligned-center is-layout-flow wp-block-column-is-layout-flow\" style=\"flex-basis:35%\">\n<div class=\"wp-block-uagb-marketing-button uagb-marketing-btn__align-center uagb-marketing-btn__align-text-center uagb-marketing-btn__icon-after uagb-block-0d38e09f wp-block-button\"><a href=\"\/ch-de\/one-page-consultation\/\" class=\"uagb-marketing-btn__link wp-block-button__link\" target=\"\" rel=\"noopener noreferrer\"><span class=\"uagb-marketing-btn__title\">Seiten-Analyse starten<\/span><svg xmlns=\"https:\/\/www.w3.org\/2000\/svg\" viewbox=\"0 0 512 512\"><path d=\"M288 256C288 273.7 273.7 288 256 288C238.3 288 224 273.7 224 256C224 238.3 238.3 224 256 224C273.7 224 288 238.3 288 256zM0 256C0 114.6 114.6 0 256 0C397.4 0 512 114.6 512 256C512 397.4 397.4 512 256 512C114.6 512 0 397.4 0 256zM325.1 306.7L380.6 162.4C388.1 142.1 369 123.9 349.6 131.4L205.3 186.9C196.8 190.1 190.1 196.8 186.9 205.3L131.4 349.6C123.9 369 142.1 388.1 162.4 380.6L306.7 325.1C315.2 321.9 321.9 315.2 325.1 306.7V306.7z\"><\/path><\/svg><p class=\"uagb-marketing-btn__prefix\">Ihre erste Beratung ist KOSTENLOS.<\/p><\/a><\/div>\n<\/div>\n\n\n\n<div class=\"wp-block-column is-vertically-aligned-center is-layout-flow wp-block-column-is-layout-flow\" style=\"flex-basis:35%\">\n<div class=\"wp-block-buttons is-content-justification-center is-layout-flex wp-container-core-buttons-is-layout-a89b3969 wp-block-buttons-is-layout-flex\">\n<div class=\"wp-block-button\"><a class=\"wp-block-button__link wp-element-button\" href=\"\/ch-de\/services\/#consulting\">Mehr dazu<\/a><\/div>\n<\/div>\n<\/div>\n\n\n\n<div class=\"wp-block-column is-layout-flow wp-block-column-is-layout-flow\"><\/div>\n<\/div>\n<\/div>\n\n\n\n<div class=\"inherit-container-width wp-block-group alignfull has-ast-global-color-4-background-color has-background is-layout-constrained wp-block-group-is-layout-constrained\">\n<div class=\"wp-block-columns has-background is-layout-flex wp-container-core-columns-is-layout-b653aba5 wp-block-columns-is-layout-flex\" style=\"border-radius:25px;background-color:#e5f9ff;padding-top:var(--wp--preset--spacing--50);padding-right:var(--wp--preset--spacing--50);padding-bottom:var(--wp--preset--spacing--50);padding-left:var(--wp--preset--spacing--50)\">\n<div class=\"wp-block-column is-vertically-aligned-center is-layout-flow wp-block-column-is-layout-flow\">\n<h3 class=\"wp-block-heading\">Der Ablauf des Content Workshops:<\/h3>\n\n\n\n<ul class=\"wp-block-list\">\n<li class=\"translation-block\"><strong>Schritt 1:<\/strong>\u00a0Wir besprechen die\u00a0<strong>R\u00e4umlichkeiten des Workshops<\/strong>\u00a0(wie viele Teammitglieder werden teilnehmen, wann ist der ideale Zeitpunkt, um zu beginnen usw.?)<\/li>\n\n\n\n<li class=\"translation-block\"><strong>Schritt 2:<\/strong> Wir legen die Zeiten der einzelnen Unterrichtseinheiten fest. Ich schlage <strong>f\u00fcnf Bl\u00f6cke \u00e0 vier Stunden jeweils zweimal pro Woche<\/strong> vor, wann immer es unseren Zeitpl\u00e4nen am besten passt.<\/li>\n\n\n\n<li class=\"translation-block\"><strong>Schritt 3:<\/strong> Ihr <strong>Team nimmt am Workshop teil<\/strong>. Nach den ersten 4 Stunden Unterricht entscheiden Sie und Ihr Team, ob Sie weitermachen m\u00f6chten. Wenn ja, wird die Zahlung f\u00fcr den Workshop gem\u00e4ss den vereinbarten Parametern und AGBs f\u00e4llig. Wenn Sie unzufrieden sind, stornieren wir den Workshop ohne weitere Bedingungen.<\/li>\n\n\n\n<li class=\"translation-block\"><strong>Schritt 4:<\/strong> Wir fahren mit den <strong>restlichen Lektionen<\/strong> fort. Dabei lernt Ihr Team nicht nur passiv, sondern beginnt auch, aktiv die Erkenntnisse auf Ihre Website anzuwenden.<\/li>\n\n\n\n<li class=\"translation-block\"><strong>Schritt 5:<\/strong> Nach dem Workshop <strong>bleiben Ihr Team und ich in Kontakt<\/strong> , bis keine weitere Betreuung mehr ben\u00f6tigt wird.<\/li>\n<\/ul>\n<\/div>\n\n\n\n<div class=\"wp-block-column is-vertically-aligned-center is-layout-flow wp-block-column-is-layout-flow\">\n<div data-aos= \"fade-up\" data-aos-duration=\"400\" data-aos-delay=\"0\" data-aos-easing=\"ease\" data-aos-once=\"true\" class=\"wp-block-uagb-image uagb-block-2836fd16 wp-block-uagb-image--layout-default wp-block-uagb-image--effect-static wp-block-uagb-image--align-none\"><figure class=\"wp-block-uagb-image__figure\"><img decoding=\"async\" srcset=\"https:\/\/ptg-marketing.com\/wp-content\/uploads\/2023\/10\/PTG_Marketing_Two_Business_Men_High_Five_Symmetrical_v1.webp ,https:\/\/ptg-marketing.com\/wp-content\/uploads\/2023\/10\/PTG_Marketing_Two_Business_Men_High_Five_Symmetrical_v1.webp 780w, https:\/\/ptg-marketing.com\/wp-content\/uploads\/2023\/10\/PTG_Marketing_Two_Business_Men_High_Five_Symmetrical_v1.webp 360w\" sizes=\"auto, (max-width: 480px) 150px\" src=\"https:\/\/ptg-marketing.com\/wp-content\/uploads\/2023\/10\/PTG_Marketing_Two_Business_Men_High_Five_Symmetrical_v1.webp\" alt=\"PTG Two business men high fiving in a symmetrical image.\" class=\"uag-image-545\" width=\"1282\" height=\"990\" title=\"\" loading=\"lazy\"\/><\/figure><\/div>\n<\/div>\n<\/div>\n\n\n\n<div class=\"wp-block-columns is-layout-flex wp-container-core-columns-is-layout-28f84493 wp-block-columns-is-layout-flex\">\n<div class=\"wp-block-column is-layout-flow wp-block-column-is-layout-flow\"><\/div>\n\n\n\n<div class=\"wp-block-column is-vertically-aligned-center is-layout-flow wp-block-column-is-layout-flow\" style=\"flex-basis:35%\">\n<div data-aos= \"fade-up\" data-aos-duration=\"400\" data-aos-delay=\"0\" data-aos-easing=\"ease\" data-aos-once=\"true\" class=\"wp-block-uagb-marketing-button uagb-marketing-btn__align-center uagb-marketing-btn__align-text-center uagb-marketing-btn__icon-after uagb-block-89c0bc63 wp-block-button\"><a href=\"\/ch-de\/contact\/\" class=\"uagb-marketing-btn__link wp-block-button__link\" target=\"\" rel=\"noopener noreferrer\"><span class=\"uagb-marketing-btn__title\">Am Workshop teilnehmen<\/span><svg xmlns=\"https:\/\/www.w3.org\/2000\/svg\" viewbox=\"0 0 640 512\"><path d=\"M184 88C184 118.9 158.9 144 128 144C97.07 144 72 118.9 72 88C72 57.07 97.07 32 128 32C158.9 32 184 57.07 184 88zM208.4 196.3C178.7 222.7 160 261.2 160 304C160 338.3 171.1 369.8 192 394.5V416C192 433.7 177.7 448 160 448H96C78.33 448 64 433.7 64 416V389.2C26.16 371.2 0 332.7 0 288C0 226.1 50.14 176 112 176H144C167.1 176 190.2 183.5 208.4 196.3V196.3zM64 245.7C54.04 256.9 48 271.8 48 288C48 304.2 54.04 319.1 64 330.3V245.7zM448 416V394.5C468 369.8 480 338.3 480 304C480 261.2 461.3 222.7 431.6 196.3C449.8 183.5 472 176 496 176H528C589.9 176 640 226.1 640 288C640 332.7 613.8 371.2 576 389.2V416C576 433.7 561.7 448 544 448H480C462.3 448 448 433.7 448 416zM576 330.3C585.1 319.1 592 304.2 592 288C592 271.8 585.1 256.9 576 245.7V330.3zM568 88C568 118.9 542.9 144 512 144C481.1 144 456 118.9 456 88C456 57.07 481.1 32 512 32C542.9 32 568 57.07 568 88zM256 96C256 60.65 284.7 32 320 32C355.3 32 384 60.65 384 96C384 131.3 355.3 160 320 160C284.7 160 256 131.3 256 96zM448 304C448 348.7 421.8 387.2 384 405.2V448C384 465.7 369.7 480 352 480H288C270.3 480 256 465.7 256 448V405.2C218.2 387.2 192 348.7 192 304C192 242.1 242.1 192 304 192H336C397.9 192 448 242.1 448 304zM256 346.3V261.7C246 272.9 240 287.8 240 304C240 320.2 246 335.1 256 346.3zM384 261.7V346.3C393.1 335 400 320.2 400 304C400 287.8 393.1 272.9 384 261.7z\"><\/path><\/svg><p class=\"uagb-marketing-btn__prefix\">F\u00fcr die n\u00e4chste Runde anmelden<\/p><\/a><\/div>\n<\/div>\n\n\n\n<div class=\"wp-block-column is-vertically-aligned-center is-layout-flow wp-block-column-is-layout-flow\" style=\"flex-basis:35%\">\n<div class=\"wp-block-buttons is-content-justification-center is-layout-flex wp-container-core-buttons-is-layout-a89b3969 wp-block-buttons-is-layout-flex\">\n<div class=\"wp-block-button\"><a class=\"wp-block-button__link wp-element-button\" href=\"\/ch-de\/services\/#workshop\">Mehr dazu<\/a><\/div>\n<\/div>\n<\/div>\n\n\n\n<div class=\"wp-block-column is-layout-flow wp-block-column-is-layout-flow\"><\/div>\n<\/div>\n\n\n\n<hr class=\"wp-block-separator has-alpha-channel-opacity\"\/>\n<\/div>","protected":false},"excerpt":{"rendered":"<p>Fantastic! So here&#8217;s which service I suggest you choose: Website Consulting or Content Workshop I suggest you either go with a one-on-one consultation or join one of my Content Workshops together with a few other like-minded folks. I&#8217;ll gladly inform you when there&#8217;s available space. The Process of Consultation The Process of the Content Workshop<\/p>","protected":false},"author":1,"featured_media":0,"parent":893,"menu_order":0,"comment_status":"closed","ping_status":"closed","template":"","meta":{"_uag_custom_page_level_css":"","site-sidebar-layout":"default","site-content-layout":"","ast-site-content-layout":"default","site-content-style":"default","site-sidebar-style":"default","ast-global-header-display":"","ast-banner-title-visibility":"","ast-main-header-display":"","ast-hfb-above-header-display":"","ast-hfb-below-header-display":"","ast-hfb-mobile-header-display":"","site-post-title":"","ast-breadcrumbs-content":"","ast-featured-img":"","footer-sml-layout":"","ast-disable-related-posts":"","theme-transparent-header-meta":"","adv-header-id-meta":"","stick-header-meta":"","header-above-stick-meta":"","header-main-stick-meta":"","header-below-stick-meta":"","astra-migrate-meta-layouts":"default","ast-page-background-enabled":"default","ast-page-background-meta":{"desktop":{"background-color":"var(--ast-global-color-4)","background-image":"","background-repeat":"repeat","background-position":"center center","background-size":"auto","background-attachment":"scroll","background-type":"","background-media":"","overlay-type":"","overlay-color":"","overlay-opacity":"","overlay-gradient":""},"tablet":{"background-color":"","background-image":"","background-repeat":"repeat","background-position":"center center","background-size":"auto","background-attachment":"scroll","background-type":"","background-media":"","overlay-type":"","overlay-color":"","overlay-opacity":"","overlay-gradient":""},"mobile":{"background-color":"","background-image":"","background-repeat":"repeat","background-position":"center center","background-size":"auto","background-attachment":"scroll","background-type":"","background-media":"","overlay-type":"","overlay-color":"","overlay-opacity":"","overlay-gradient":""}},"ast-content-background-meta":{"desktop":{"background-color":"var(--ast-global-color-5)","background-image":"","background-repeat":"repeat","background-position":"center center","background-size":"auto","background-attachment":"scroll","background-type":"","background-media":"","overlay-type":"","overlay-color":"","overlay-opacity":"","overlay-gradient":""},"tablet":{"background-color":"var(--ast-global-color-5)","background-image":"","background-repeat":"repeat","background-position":"center center","background-size":"auto","background-attachment":"scroll","background-type":"","background-media":"","overlay-type":"","overlay-color":"","overlay-opacity":"","overlay-gradient":""},"mobile":{"background-color":"var(--ast-global-color-5)","background-image":"","background-repeat":"repeat","background-position":"center center","background-size":"auto","background-attachment":"scroll","background-type":"","background-media":"","overlay-type":"","overlay-color":"","overlay-opacity":"","overlay-gradient":""}},"footnotes":""},"class_list":["post-1171","page","type-page","status-publish","hentry"],"uagb_featured_image_src":{"full":false,"thumbnail":false,"medium":false,"medium_large":false,"large":false,"1536x1536":false,"2048x2048":false,"trp-custom-language-flag":false},"uagb_author_info":{"display_name":"ptg-marketing.com","author_link":"https:\/\/ptg-marketing.com\/ch-de\/author\/ptg-marketing-com\/"},"uagb_comment_info":0,"uagb_excerpt":"Fantastic! So here&#8217;s which service I suggest you choose: Website Consulting or Content Workshop I suggest you either go with a one-on-one consultation or join one of my Content Workshops together with a few other like-minded folks. I&#8217;ll gladly inform you when there&#8217;s available space. The Process of Consultation The Process of the Content Workshop","_links":{"self":[{"href":"https:\/\/ptg-marketing.com\/ch-de\/wp-json\/wp\/v2\/pages\/1171","targetHints":{"allow":["GET"]}}],"collection":[{"href":"https:\/\/ptg-marketing.com\/ch-de\/wp-json\/wp\/v2\/pages"}],"about":[{"href":"https:\/\/ptg-marketing.com\/ch-de\/wp-json\/wp\/v2\/types\/page"}],"author":[{"embeddable":true,"href":"https:\/\/ptg-marketing.com\/ch-de\/wp-json\/wp\/v2\/users\/1"}],"replies":[{"embeddable":true,"href":"https:\/\/ptg-marketing.com\/ch-de\/wp-json\/wp\/v2\/comments?post=1171"}],"version-history":[{"count":2,"href":"https:\/\/ptg-marketing.com\/ch-de\/wp-json\/wp\/v2\/pages\/1171\/revisions"}],"predecessor-version":[{"id":1173,"href":"https:\/\/ptg-marketing.com\/ch-de\/wp-json\/wp\/v2\/pages\/1171\/revisions\/1173"}],"up":[{"embeddable":true,"href":"https:\/\/ptg-marketing.com\/ch-de\/wp-json\/wp\/v2\/pages\/893"}],"wp:attachment":[{"href":"https:\/\/ptg-marketing.com\/ch-de\/wp-json\/wp\/v2\/media?parent=1171"}],"curies":[{"name":"wp","href":"https:\/\/api.w.org\/{rel}","templated":true}]}}